{"id":2,"date":"2024-06-23T16:45:46","date_gmt":"2024-06-23T14:45:46","guid":{"rendered":"https:\/\/www.ivankovacesta.sk\/?page_id=2"},"modified":"2024-06-23T23:20:59","modified_gmt":"2024-06-23T21:20:59","slug":"ukazkova-stranka","status":"publish","type":"page","link":"https:\/\/www.ivankovacesta.sk\/?page_id=2","title":{"rendered":"O ob\u010dianskom zdru\u017een\u00ed"},"content":{"rendered":"\n<p>Ob\u010dianske zdru\u017eenie Ivankova cesta bolo schv\u00e1len\u00e9 Ministerstvom vn\u00fatra Slovenskej republiky 27.10.2023 pod registra\u010dn\u00fdm \u010d\u00edslom VVS\/1-900\/90-67718 ako mimovl\u00e1dna neziskov\u00e1 organiz\u00e1cia. Zdru\u017eenie je zalo\u017een\u00e9 za \u00fa\u010de\u013eom starostlivosti o deti so znev\u00fdhodnen\u00edm a podpory ich rod\u00edn.<\/p>\n\n\n\n<p><\/p>\n\n\n\n<blockquote class=\"wp-block-quote is-layout-flow wp-block-quote-is-layout-flow\">\n<p>I\u010cO: 55 815 596<\/p>\n\n\n\n<p>Bankov\u00e9 spojenie:<\/p>\n\n\n\n<p>Fio banka: <br>IBAN: SK5083300000002302779581<\/p>\n<\/blockquote>\n\n\n\n<p>Kontakt: info@ivankovacesta.sk<\/p>\n","protected":false},"excerpt":{"rendered":"<p>Ob\u010dianske zdru\u017eenie Ivankova cesta bolo schv\u00e1len\u00e9 Ministerstvom vn\u00fatra Slovenskej republiky 27.10.2023 pod registra\u010dn\u00fdm \u010d\u00edslom VVS\/1-900\/90-67718 ako mimovl\u00e1dna neziskov\u00e1 organiz\u00e1cia. Zdru\u017eenie je zalo\u017een\u00e9 za \u00fa\u010de\u013eom starostlivosti o deti so znev\u00fdhodnen\u00edm a podpory ich rod\u00edn. I\u010cO: 55 815 596 Bankov\u00e9 spojenie: Fio banka: IBAN: SK5083300000002302779581 Kontakt: info@ivankovacesta.sk<\/p>\n","protected":false},"author":1,"featured_media":0,"parent":0,"menu_order":0,"comment_status":"closed","ping_status":"open","template":"","meta":{"om_disable_all_campaigns":false,"_monsterinsights_skip_tracking":false,"_monsterinsights_sitenote_active":false,"_monsterinsights_sitenote_note":"","_monsterinsights_sitenote_category":0,"_uf_show_specific_survey":0,"_uf_disable_surveys":false,"footnotes":""},"class_list":["post-2","page","type-page","status-publish","hentry","post-preview"],"aioseo_notices":[],"yoast_head":"<!-- This site is optimized with the Yoast SEO plugin v26.7 - https:\/\/yoast.com\/wordpress\/plugins\/seo\/ -->\n<title>O ob\u010dianskom zdru\u017een\u00ed - Ivankova cesta<\/title>\n<meta name=\"robots\" content=\"index, follow, max-snippet:-1, max-image-preview:large, max-video-preview:-1\" \/>\n<link rel=\"canonical\" href=\"https:\/\/www.ivankovacesta.sk\/?page_id=2\" \/>\n<meta property=\"og:locale\" content=\"sk_SK\" \/>\n<meta property=\"og:type\" content=\"article\" \/>\n<meta property=\"og:title\" content=\"O ob\u010dianskom zdru\u017een\u00ed - Ivankova cesta\" \/>\n<meta property=\"og:description\" content=\"Ob\u010dianske zdru\u017eenie Ivankova cesta bolo schv\u00e1len\u00e9 Ministerstvom vn\u00fatra Slovenskej republiky 27.10.2023 pod registra\u010dn\u00fdm \u010d\u00edslom VVS\/1-900\/90-67718 ako mimovl\u00e1dna neziskov\u00e1 organiz\u00e1cia. Zdru\u017eenie je zalo\u017een\u00e9 za \u00fa\u010de\u013eom starostlivosti o deti so znev\u00fdhodnen\u00edm a podpory ich rod\u00edn. I\u010cO: 55 815 596 Bankov\u00e9 spojenie: Fio banka: IBAN: SK5083300000002302779581 Kontakt: info@ivankovacesta.sk\" \/>\n<meta property=\"og:url\" content=\"https:\/\/www.ivankovacesta.sk\/?page_id=2\" \/>\n<meta property=\"og:site_name\" content=\"Ivankova cesta\" \/>\n<meta property=\"article:modified_time\" content=\"2024-06-23T21:20:59+00:00\" \/>\n<meta name=\"twitter:card\" content=\"summary_large_image\" \/>\n<meta name=\"twitter:label1\" content=\"Predpokladan\u00fd \u010das \u010d\u00edtania\" \/>\n\t<meta name=\"twitter:data1\" content=\"1 min\u00fata\" \/>\n<script type=\"application\/ld+json\" class=\"yoast-schema-graph\">{\"@context\":\"https:\/\/schema.org\",\"@graph\":[{\"@type\":\"WebPage\",\"@id\":\"https:\/\/www.ivankovacesta.sk\/?page_id=2\",\"url\":\"https:\/\/www.ivankovacesta.sk\/?page_id=2\",\"name\":\"O ob\u010dianskom zdru\u017een\u00ed - Ivankova cesta\",\"isPartOf\":{\"@id\":\"https:\/\/www.ivankovacesta.sk\/#website\"},\"datePublished\":\"2024-06-23T14:45:46+00:00\",\"dateModified\":\"2024-06-23T21:20:59+00:00\",\"breadcrumb\":{\"@id\":\"https:\/\/www.ivankovacesta.sk\/?page_id=2#breadcrumb\"},\"inLanguage\":\"sk-SK\",\"potentialAction\":[{\"@type\":\"ReadAction\",\"target\":[\"https:\/\/www.ivankovacesta.sk\/?page_id=2\"]}]},{\"@type\":\"BreadcrumbList\",\"@id\":\"https:\/\/www.ivankovacesta.sk\/?page_id=2#breadcrumb\",\"itemListElement\":[{\"@type\":\"ListItem\",\"position\":1,\"name\":\"Home\",\"item\":\"https:\/\/www.ivankovacesta.sk\/\"},{\"@type\":\"ListItem\",\"position\":2,\"name\":\"O ob\u010dianskom zdru\u017een\u00ed\"}]},{\"@type\":\"WebSite\",\"@id\":\"https:\/\/www.ivankovacesta.sk\/#website\",\"url\":\"https:\/\/www.ivankovacesta.sk\/\",\"name\":\"Ivankova cesta\",\"description\":\"Ob\u010dianske zdru\u017eenie\",\"potentialAction\":[{\"@type\":\"SearchAction\",\"target\":{\"@type\":\"EntryPoint\",\"urlTemplate\":\"https:\/\/www.ivankovacesta.sk\/?s={search_term_string}\"},\"query-input\":{\"@type\":\"PropertyValueSpecification\",\"valueRequired\":true,\"valueName\":\"search_term_string\"}}],\"inLanguage\":\"sk-SK\"}]}<\/script>\n<!-- \/ Yoast SEO plugin. -->","yoast_head_json":{"title":"O ob\u010dianskom zdru\u017een\u00ed - Ivankova cesta","robots":{"index":"index","follow":"follow","max-snippet":"max-snippet:-1","max-image-preview":"max-image-preview:large","max-video-preview":"max-video-preview:-1"},"canonical":"https:\/\/www.ivankovacesta.sk\/?page_id=2","og_locale":"sk_SK","og_type":"article","og_title":"O ob\u010dianskom zdru\u017een\u00ed - Ivankova cesta","og_description":"Ob\u010dianske zdru\u017eenie Ivankova cesta bolo schv\u00e1len\u00e9 Ministerstvom vn\u00fatra Slovenskej republiky 27.10.2023 pod registra\u010dn\u00fdm \u010d\u00edslom VVS\/1-900\/90-67718 ako mimovl\u00e1dna neziskov\u00e1 organiz\u00e1cia. Zdru\u017eenie je zalo\u017een\u00e9 za \u00fa\u010de\u013eom starostlivosti o deti so znev\u00fdhodnen\u00edm a podpory ich rod\u00edn. I\u010cO: 55 815 596 Bankov\u00e9 spojenie: Fio banka: IBAN: SK5083300000002302779581 Kontakt: info@ivankovacesta.sk","og_url":"https:\/\/www.ivankovacesta.sk\/?page_id=2","og_site_name":"Ivankova cesta","article_modified_time":"2024-06-23T21:20:59+00:00","twitter_card":"summary_large_image","twitter_misc":{"Predpokladan\u00fd \u010das \u010d\u00edtania":"1 min\u00fata"},"schema":{"@context":"https:\/\/schema.org","@graph":[{"@type":"WebPage","@id":"https:\/\/www.ivankovacesta.sk\/?page_id=2","url":"https:\/\/www.ivankovacesta.sk\/?page_id=2","name":"O ob\u010dianskom zdru\u017een\u00ed - Ivankova cesta","isPartOf":{"@id":"https:\/\/www.ivankovacesta.sk\/#website"},"datePublished":"2024-06-23T14:45:46+00:00","dateModified":"2024-06-23T21:20:59+00:00","breadcrumb":{"@id":"https:\/\/www.ivankovacesta.sk\/?page_id=2#breadcrumb"},"inLanguage":"sk-SK","potentialAction":[{"@type":"ReadAction","target":["https:\/\/www.ivankovacesta.sk\/?page_id=2"]}]},{"@type":"BreadcrumbList","@id":"https:\/\/www.ivankovacesta.sk\/?page_id=2#breadcrumb","itemListElement":[{"@type":"ListItem","position":1,"name":"Home","item":"https:\/\/www.ivankovacesta.sk\/"},{"@type":"ListItem","position":2,"name":"O ob\u010dianskom zdru\u017een\u00ed"}]},{"@type":"WebSite","@id":"https:\/\/www.ivankovacesta.sk\/#website","url":"https:\/\/www.ivankovacesta.sk\/","name":"Ivankova cesta","description":"Ob\u010dianske zdru\u017eenie","potentialAction":[{"@type":"SearchAction","target":{"@type":"EntryPoint","urlTemplate":"https:\/\/www.ivankovacesta.sk\/?s={search_term_string}"},"query-input":{"@type":"PropertyValueSpecification","valueRequired":true,"valueName":"search_term_string"}}],"inLanguage":"sk-SK"}]}},"_links":{"self":[{"href":"https:\/\/www.ivankovacesta.sk\/index.php?rest_route=\/wp\/v2\/pages\/2","targetHints":{"allow":["GET"]}}],"collection":[{"href":"https:\/\/www.ivankovacesta.sk\/index.php?rest_route=\/wp\/v2\/pages"}],"about":[{"href":"https:\/\/www.ivankovacesta.sk\/index.php?rest_route=\/wp\/v2\/types\/page"}],"author":[{"embeddable":true,"href":"https:\/\/www.ivankovacesta.sk\/index.php?rest_route=\/wp\/v2\/users\/1"}],"replies":[{"embeddable":true,"href":"https:\/\/www.ivankovacesta.sk\/index.php?rest_route=%2Fwp%2Fv2%2Fcomments&post=2"}],"version-history":[{"count":6,"href":"https:\/\/www.ivankovacesta.sk\/index.php?rest_route=\/wp\/v2\/pages\/2\/revisions"}],"predecessor-version":[{"id":46,"href":"https:\/\/www.ivankovacesta.sk\/index.php?rest_route=\/wp\/v2\/pages\/2\/revisions\/46"}],"wp:attachment":[{"href":"https:\/\/www.ivankovacesta.sk\/index.php?rest_route=%2Fwp%2Fv2%2Fmedia&parent=2"}],"curies":[{"name":"wp","href":"https:\/\/api.w.org\/{rel}","templated":true}]}}